{"id":5,"date":"2021-02-16T16:15:50","date_gmt":"2021-02-16T16:15:50","guid":{"rendered":"http:\/\/www.palmaconsultoresjuridicos.com\/?page_id=5"},"modified":"2021-03-14T10:36:39","modified_gmt":"2021-03-14T10:36:39","slug":"crea-tu-web-con-bloques","status":"publish","type":"page","link":"https:\/\/www.palmaconsultoresjuridicos.com\/","title":{"rendered":"Pasi\u00f3n por el Derecho."},"content":{"rendered":"\n<h2 class=\"alignwide has-text-align-center has-text-align-wide has-gigantic-font-size wp-block-heading\" style=\"line-height:1.1\"><span style=\"color:#a17e1f\" class=\"has-inline-color\">La honestidad hacia el cliente es parte de nuestro ADN.<\/span><\/h2>\n\n\n\n<h2 class=\"has-text-align-right wp-block-heading\">El rigor en cada acci\u00f3n es necesario para tener \u00e9xito.<\/h2>\n\n\n\n<div class=\"wp-block-columns alignwide are-vertically-aligned-center is-style-twentytwentyone-columns-overlap is-layout-flex wp-container-core-columns-is-layout-9d6595d7 wp-block-columns-is-layout-flex\">\n<div class=\"wp-block-column is-vertically-aligned-center is-layout-flow wp-block-column-is-layout-flow\">\n<pre class=\"wp-block-code\"><code><\/code><\/pre>\n\n\n\n<figure class=\"wp-block-image alignfull size-large\"><img loading=\"lazy\" decoding=\"async\" width=\"1024\" height=\"668\" src=\"http:\/\/www.palmaconsultoresjuridicos.com\/wp-content\/uploads\/2021\/02\/IMG_7098-1024x668.jpg\" alt=\"\" class=\"wp-image-27\" srcset=\"https:\/\/www.palmaconsultoresjuridicos.com\/wp-content\/uploads\/2021\/02\/IMG_7098-1024x668.jpg 1024w, https:\/\/www.palmaconsultoresjuridicos.com\/wp-content\/uploads\/2021\/02\/IMG_7098-300x196.jpg 300w, https:\/\/www.palmaconsultoresjuridicos.com\/wp-content\/uploads\/2021\/02\/IMG_7098-768x501.jpg 768w, https:\/\/www.palmaconsultoresjuridicos.com\/wp-content\/uploads\/2021\/02\/IMG_7098.jpg 1125w\" sizes=\"auto, (max-width: 1024px) 100vw, 1024px\" \/><figcaption>Desde la vocaci\u00f3n del estudio y el aprendizaje, en nuestro despacho tenemos muy presente que la investigaci\u00f3n y el permanente estudio del derecho es una herramienta necesaria e imprescindible para el desarrollo de nuestra actividad y un valor a\u00f1adido que nuestros clientes necesitan. El derecho tal y como lo conocemos, es posible equipararlo al \u00e1mbito de la ciencia, mucho m\u00e1s desde el punto de vista de la investigaci\u00f3n y demos desde el desarrollo. Por estas razones nuestro equipo trabaja desde nuestros inicios nuestro particular I+E+D, investigaci\u00f3n y estudio del derecho.<\/figcaption><\/figure>\n\n\n\n<div style=\"height:100px\" aria-hidden=\"true\" class=\"wp-block-spacer\"><\/div>\n\n\n\n<figure class=\"wp-block-image alignfull size-large is-style-twentytwentyone-image-frame\"><img loading=\"lazy\" decoding=\"async\" width=\"1024\" height=\"690\" src=\"http:\/\/www.palmaconsultoresjuridicos.com\/wp-content\/uploads\/2021\/02\/IMG_7115-1024x690.jpg\" alt=\"\" class=\"wp-image-29\" srcset=\"https:\/\/www.palmaconsultoresjuridicos.com\/wp-content\/uploads\/2021\/02\/IMG_7115-1024x690.jpg 1024w, https:\/\/www.palmaconsultoresjuridicos.com\/wp-content\/uploads\/2021\/02\/IMG_7115-300x202.jpg 300w, https:\/\/www.palmaconsultoresjuridicos.com\/wp-content\/uploads\/2021\/02\/IMG_7115-768x517.jpg 768w, https:\/\/www.palmaconsultoresjuridicos.com\/wp-content\/uploads\/2021\/02\/IMG_7115.jpg 1125w\" sizes=\"auto, (max-width: 1024px) 100vw, 1024px\" \/><\/figure>\n\n\n\n<blockquote class=\"wp-block-quote is-layout-flow wp-block-quote-is-layout-flow\"><p>El estudio constante como herramienta del trabajo.<\/p><p>Cada caso es distinto, cada cliente tiene necesidades diversas, las cuales se convierten en los objetivos del despacho. El estudio es para nosotros parte esencial del proceso de trabajo. Estamos siempre en constante evoluci\u00f3n. Solamente a trav\u00e9s del aprendizaje actualizado de la ley, podemos afrontar los objetivos que se nos plantean.<\/p><\/blockquote>\n\n\n\n<p><\/p>\n<\/div>\n\n\n\n<div class=\"wp-block-column is-vertically-aligned-center is-layout-flow wp-block-column-is-layout-flow\">\n<div style=\"height:100px\" aria-hidden=\"true\" class=\"wp-block-spacer\"><\/div>\n\n\n\n<figure class=\"wp-block-image size-large alignfull size-full is-style-twentytwentyone-border\"><img loading=\"lazy\" decoding=\"async\" width=\"1024\" height=\"611\" src=\"http:\/\/www.palmaconsultoresjuridicos.com\/wp-content\/uploads\/2021\/02\/cropped-IMG_7123-1024x611.jpg\" alt=\"\" class=\"wp-image-53\" srcset=\"https:\/\/www.palmaconsultoresjuridicos.com\/wp-content\/uploads\/2021\/02\/cropped-IMG_7123-1024x611.jpg 1024w, https:\/\/www.palmaconsultoresjuridicos.com\/wp-content\/uploads\/2021\/02\/cropped-IMG_7123-300x179.jpg 300w, https:\/\/www.palmaconsultoresjuridicos.com\/wp-content\/uploads\/2021\/02\/cropped-IMG_7123-768x458.jpg 768w, https:\/\/www.palmaconsultoresjuridicos.com\/wp-content\/uploads\/2021\/02\/cropped-IMG_7123.jpg 1125w\" sizes=\"auto, (max-width: 1024px) 100vw, 1024px\" \/><figcaption>Entender y comprender a nuestros clientes, acompa\u00f1arlos desde el principio, afrontando la problem\u00e1tica de cada uno de ellos de manera concreta y cercana, es esencial para la toma de decisiones.<\/figcaption><\/figure>\n<\/div>\n<\/div>\n\n\n\n<div style=\"height:9px\" aria-hidden=\"true\" class=\"wp-block-spacer\"><\/div>\n\n\n\n<div style=\"height:50px\" aria-hidden=\"true\" class=\"wp-block-spacer\"><\/div>\n\n\n\n<div class=\"wp-block-columns alignwide are-vertically-aligned-top is-layout-flex wp-container-core-columns-is-layout-9d6595d7 wp-block-columns-is-layout-flex\">\n<div class=\"wp-block-column is-vertically-aligned-top is-layout-flow wp-block-column-is-layout-flow\">\n<h3 class=\"wp-block-heading\">DERECHO P\u00daBLICO<\/h3>\n\n\n\n<p>Derecho Administrativo&gt; Recursos, sanciones, contrataci\u00f3n, y responsabilidad patrimonial.<\/p>\n\n\n\n<p>Derecho de aguas\/ Urbanismo\/ Derecho del turismo.<\/p>\n\n\n\n<p>Legislaci\u00f3n de costas y litoral\/ Derecho del medio ambiente.<\/p>\n\n\n\n<p>Derecho de las nuevas tecnolog\u00edas\/ Protecci\u00f3n de datos.<\/p>\n\n\n\n<p>Derecho penal.<\/p>\n<\/div>\n\n\n\n<div class=\"wp-block-column is-vertically-aligned-top is-layout-flow wp-block-column-is-layout-flow\">\n<h3 class=\"wp-block-heading\">DERECHO PRIVADO<\/h3>\n\n\n\n<p>Derecho civil&gt;  compra ventas, sucesiones y familia. Derecho de da\u00f1os.<\/p>\n\n\n\n<p>Derecho mercantil&gt; Concursal, patentes y marcas, constituci\u00f3n de sociedades, preparaci\u00f3n y asistencia a juntas de sociedades.<\/p>\n\n\n\n<p>Derecho laboral&gt; Despidos, Seguridad Social.<\/p>\n<\/div>\n\n\n\n<div class=\"wp-block-column is-vertically-aligned-top is-layout-flow wp-block-column-is-layout-flow\">\n<h3 class=\"wp-block-heading\">DERECHO LABORAL Y DE LA S.S.<\/h3>\n\n\n\n<p>Despidos\/ Reclamaciones de cantidad.<\/p>\n\n\n\n<p>Tramitaci\u00f3n de expedientes de regulaci\u00f3n de empleo.<\/p>\n\n\n\n<p>Modificaci\u00f3n sustancial de las condiciones de trabajo.<\/p>\n\n\n\n<p>Solicitudes de incapacidad permanentes.<\/p>\n\n\n\n<p>Seguridad Social\/ Negociaci\u00f3n sindical.<\/p>\n\n\n\n<p>R\u00e9gimen disciplinario.<\/p>\n<\/div>\n<\/div>\n\n\n\n<div style=\"height:100px\" aria-hidden=\"true\" class=\"wp-block-spacer\"><\/div>\n\n\n\n<div class=\"wp-block-cover alignwide has-black-background-color has-background-dim is-style-twentytwentyone-border\"><div class=\"wp-block-cover__inner-container is-layout-flow wp-block-cover-is-layout-flow\">\n<div style=\"height:20px\" aria-hidden=\"true\" class=\"wp-block-spacer\"><\/div>\n\n\n\n<p>Solicita tu cita telef\u00f3nicamente en el 971.22.94.00 o a trav\u00e9s del formulario habilitado haciendo click <a href=\"https:\/\/www.palmaconsultoresjuridicos.com\/index.php\/solicita-tu-cita-2\/\">aqui<\/a><\/p>\n\n\n\n<iframe src=\"https:\/\/www.google.com\/maps\/embed?pb=!1m18!1m12!1m3!1d3075.412574668507!2d2.6403241158516253!3d39.57285107947202!2m3!1f0!2f0!3f0!3m2!1i1024!2i768!4f13.1!3m3!1m2!1s0x1297925c5ffc9a99%3A0xe53fa8f644e9330f!2sPaseo%20de%20Mallorca%2C%2014A%2C%2007012%20Palma%2C%20Islas%20Baleares!5e0!3m2!1ses!2ses!4v1613848077938!5m2!1ses!2ses\" style=\"border:0;\" allowfullscreen=\"\" loading=\"lazy\" width=\"400\" height=\"300\"><\/iframe>\n\n\n\n<div class=\"wp-block-columns are-vertically-aligned-top is-layout-flex wp-container-core-columns-is-layout-9d6595d7 wp-block-columns-is-layout-flex\">\n<div class=\"wp-block-column is-vertically-aligned-center is-layout-flow wp-block-column-is-layout-flow\">\n<div class=\"wp-block-image\"><figure class=\"aligncenter size-large is-resized\"><img loading=\"lazy\" decoding=\"async\" src=\"https:\/\/www.palmaconsultoresjuridicos.com\/wp-content\/uploads\/2021\/02\/sello_2018_EJ.png\" alt=\"\" class=\"wp-image-203\" width=\"197\" height=\"197\" srcset=\"https:\/\/www.palmaconsultoresjuridicos.com\/wp-content\/uploads\/2021\/02\/sello_2018_EJ.png 500w, https:\/\/www.palmaconsultoresjuridicos.com\/wp-content\/uploads\/2021\/02\/sello_2018_EJ-300x300.png 300w, https:\/\/www.palmaconsultoresjuridicos.com\/wp-content\/uploads\/2021\/02\/sello_2018_EJ-150x150.png 150w\" sizes=\"auto, (max-width: 197px) 100vw, 197px\" \/><\/figure><\/div>\n<\/div>\n<\/div>\n\n\n\n<div style=\"height:64px\" aria-hidden=\"true\" class=\"wp-block-spacer\"><\/div>\n<\/div><\/div>\n","protected":false},"excerpt":{"rendered":"<div class=\"entry-summary\">\nLa honestidad hacia el cliente es parte de nuestro ADN. El rigor en cada acci\u00f3n es necesario para tener \u00e9xito.&hellip;\n<\/div>\n<div class=\"link-more\"><a href=\"https:\/\/www.palmaconsultoresjuridicos.com\/\" class=\"more-link\">Continuar leyendo<span class=\"screen-reader-text\"> &ldquo;Pasi\u00f3n por el Derecho.&rdquo;<\/span>&hellip;<\/a><\/div>\n","protected":false},"author":5,"featured_media":37,"parent":0,"menu_order":0,"comment_status":"closed","ping_status":"closed","template":"","meta":{"footnotes":""},"class_list":["post-5","page","type-page","status-publish","has-post-thumbnail","hentry","entry"],"_links":{"self":[{"href":"https:\/\/www.palmaconsultoresjuridicos.com\/index.php\/wp-json\/wp\/v2\/pages\/5","targetHints":{"allow":["GET"]}}],"collection":[{"href":"https:\/\/www.palmaconsultoresjuridicos.com\/index.php\/wp-json\/wp\/v2\/pages"}],"about":[{"href":"https:\/\/www.palmaconsultoresjuridicos.com\/index.php\/wp-json\/wp\/v2\/types\/page"}],"author":[{"embeddable":true,"href":"https:\/\/www.palmaconsultoresjuridicos.com\/index.php\/wp-json\/wp\/v2\/users\/5"}],"replies":[{"embeddable":true,"href":"https:\/\/www.palmaconsultoresjuridicos.com\/index.php\/wp-json\/wp\/v2\/comments?post=5"}],"version-history":[{"count":31,"href":"https:\/\/www.palmaconsultoresjuridicos.com\/index.php\/wp-json\/wp\/v2\/pages\/5\/revisions"}],"predecessor-version":[{"id":241,"href":"https:\/\/www.palmaconsultoresjuridicos.com\/index.php\/wp-json\/wp\/v2\/pages\/5\/revisions\/241"}],"wp:featuredmedia":[{"embeddable":true,"href":"https:\/\/www.palmaconsultoresjuridicos.com\/index.php\/wp-json\/wp\/v2\/media\/37"}],"wp:attachment":[{"href":"https:\/\/www.palmaconsultoresjuridicos.com\/index.php\/wp-json\/wp\/v2\/media?parent=5"}],"curies":[{"name":"wp","href":"https:\/\/api.w.org\/{rel}","templated":true}]}}