{"id":81,"date":"2021-02-17T12:14:30","date_gmt":"2021-02-17T12:14:30","guid":{"rendered":"http:\/\/www.palmaconsultoresjuridicos.com\/?page_id=81"},"modified":"2021-03-19T12:03:46","modified_gmt":"2021-03-19T12:03:46","slug":"equipo","status":"publish","type":"page","link":"https:\/\/www.palmaconsultoresjuridicos.com\/index.php\/equipo\/","title":{"rendered":"Equipo"},"content":{"rendered":"\n<figure class=\"wp-block-image size-large\"><img loading=\"lazy\" decoding=\"async\" width=\"679\" height=\"1024\" src=\"https:\/\/www.palmaconsultoresjuridicos.com\/wp-content\/uploads\/2021\/02\/IMG_7145-679x1024.jpg\" alt=\"\" class=\"wp-image-222\" srcset=\"https:\/\/www.palmaconsultoresjuridicos.com\/wp-content\/uploads\/2021\/02\/IMG_7145-679x1024.jpg 679w, https:\/\/www.palmaconsultoresjuridicos.com\/wp-content\/uploads\/2021\/02\/IMG_7145-199x300.jpg 199w, https:\/\/www.palmaconsultoresjuridicos.com\/wp-content\/uploads\/2021\/02\/IMG_7145-768x1158.jpg 768w, https:\/\/www.palmaconsultoresjuridicos.com\/wp-content\/uploads\/2021\/02\/IMG_7145.jpg 1001w\" sizes=\"auto, (max-width: 679px) 100vw, 679px\" \/><figcaption>ROSA ROLD\u00c1N SIERRA.<\/figcaption><\/figure>\n\n\n\n<p>Licenciada en derecho por la universidad de las Illes Balears en 2012, es abogada y directora gerente del despacho especialista en Derecho Administrativo y Mercantil, destacando una amplia trayectoria profesional y acad\u00e9mica:<\/p>\n\n\n\n<ul class=\"wp-block-list\"><li>M\u00e1ster en Derecho de Sociedades- Universidad de las Illes Balears.<\/li><li>Curso de Administrador Concursal emitido por Thomson Reuters Aranzadi.<\/li><li>Diploma de Acci\u00f3n formativa sobre Prevenci\u00f3n de Blanqueo de capitales, impartido por GRC.<\/li><\/ul>\n\n\n\n<p><strong>\u00c1REAS DE ESPECIALIZACI\u00d3N.<\/strong><\/p>\n\n\n\n<ul class=\"wp-block-list\"><li>Derecho Administrativo:  Alegaciones y reclamaciones ante la Administraci\u00f3n P\u00fablica, e interposici\u00f3n de recursos contencioso-administrativo ante los tribunales. Autorizaciones y licencias administrativas. Contrataci\u00f3n administrativa. Derecho administrativo sancionador. Derecho de la Funci\u00f3n P\u00fablica: derechos y obligaciones de los funcionarios, incompatibilidades, r\u00e9gimen disciplinario, oposiciones, procesos de selecci\u00f3n, ascensos y vacantes.<\/li><li>Derecho Civil: Ejecuciones hipotecarias. Reclamaciones de cantidad y da\u00f1os. Derecho bancario: pr\u00e9stamos hipotecarios, preferentes, swaps, hipotecas multidivisa, acciones y control de cl\u00e1usulas abusivas. Protecci\u00f3n de datos. Derecho Concursal. Derecho Mercantil y Societario: Constituci\u00f3n de Sociedades Mercantiles, impugnaci\u00f3n de acuerdos sociales, ejercicio de acciones de responsabilidad de administradores, competencia desleal y publicidad il\u00edcita, derecho de separaci\u00f3n de socios, elaboraci\u00f3n y supervisi\u00f3n de contrataci\u00f3n mercantil, patentes y marcas y propiedad industrial e intelectual.<\/li><\/ul>\n\n\n\n<p><strong>IDIOMAS<\/strong><\/p>\n\n\n\n<ul class=\"wp-block-list\"><li>Castellano.<\/li><li>Catal\u00e1n. Bilingue, Certificado de nivel C1 de Catal\u00e1n otorgado por la Direcci\u00f3n General de Pol\u00edtica Linguistica del Gobierno Balear.<\/li><li>Ingl\u00e9s.<\/li><\/ul>\n\n\n\n<figure class=\"wp-block-image size-large is-resized\"><img loading=\"lazy\" decoding=\"async\" src=\"https:\/\/www.palmaconsultoresjuridicos.com\/wp-content\/uploads\/2021\/02\/IMG_7118-1024x647.jpg\" alt=\"\" class=\"wp-image-32\" width=\"581\" height=\"367\" srcset=\"https:\/\/www.palmaconsultoresjuridicos.com\/wp-content\/uploads\/2021\/02\/IMG_7118-1024x647.jpg 1024w, https:\/\/www.palmaconsultoresjuridicos.com\/wp-content\/uploads\/2021\/02\/IMG_7118-300x190.jpg 300w, https:\/\/www.palmaconsultoresjuridicos.com\/wp-content\/uploads\/2021\/02\/IMG_7118-768x485.jpg 768w, https:\/\/www.palmaconsultoresjuridicos.com\/wp-content\/uploads\/2021\/02\/IMG_7118.jpg 1125w\" sizes=\"auto, (max-width: 581px) 100vw, 581px\" \/><figcaption>RAQUEL VILADORSA MONTOY.<\/figcaption><\/figure>\n\n\n\n<p>Licenciada en Derecho por la Universidad de Lleida, es una abogada especialista en Derecho Administrativo con una amplia formaci\u00f3n y experiencia en esta \u00e1rea. Destaca por su intervenci\u00f3n en la defensa de los derechos del personal interino de la Administraci\u00f3n P\u00fablica, en colaboraci\u00f3n con distintos sindicatos y asociaciones.<\/p>\n\n\n\n<ul class=\"wp-block-list\"><li>Diploma de Aptitud Profesional. Escuela de Pr\u00e1ctica Jur\u00eddica Ilustre Colegio de Abogados de Lleida.<\/li><li>Curso de especializaci\u00f3n letrada en Jurisdicci\u00f3n de menores. Ilustre Colegio de Abogados de Lleida.<\/li><\/ul>\n\n\n\n<p><strong>FORMACI\u00d3N COMPLEMENTARIA.<\/strong><\/p>\n\n\n\n<ul class=\"wp-block-list\"><li>Asistencia al Programa de Pr\u00e1cticas Universitarias en las Oficinas Judiciales de Catalu\u00f1a. Febrero-Abril 2010. <\/li><li>Asistencia al Congreso: Retos de la just\u00edcia penal en el Siglo XXI. Departamento de Derecho P\u00fablico de la Facultad de Derecho y Economia de la Universidad de Lleida. 3 de Mayo de 2010. <\/li><li>Asistencia a las XX Jornadas Jur\u00eddicas de la Facultad de Derecho y Economia de la UDL: Just\u00edcia transicional i just\u00edcia penal internacional. 18 de noviembre de 2009. <\/li><li>Asistencia al Curso \u201cParlamento Universitario 2008\u201d, organizado por el Parlamento de Catalunya la Universidad \u201cRovira i Virgili\u201d de Barcelona. 7 a 11 de Julio de 2008. <\/li><li>Asistencia al II encuentro anual de la Sociedad Catalana de Abogados de Familia. D\u00edas 17 y 18 de mayo de 2012. Girona.<\/li><li>Asistencia al IV encuentro anual de la Sociedad Catalana de Abogados de Familia. D\u00edas 18 y 19 de mayo de 2014. Girona.<\/li><li>Asistencia al VII encuentro anual de la Sociedad Catalana de Abogados de Familia. D\u00edas 18 y 19 de mayo de 2017. Palma de Mallorca.<\/li><\/ul>\n\n\n\n<p><strong>IDIOMAS<\/strong><\/p>\n\n\n\n<ul class=\"wp-block-list\"><li>Catal\u00e1n: Lengua materna y titulaci\u00f3n equivalente al nivel C de la \u201cJunta Permanent de Catal\u00e0\u201d.<\/li><li>Castellano<\/li><li>Ingl\u00e9s: B1 del Marco europeo com\u00fan del Consejo de Europa.<\/li><li>Franc\u00e9s: Delf A1 y Delf A2 <\/li><\/ul>\n\n\n\n<figure class=\"wp-block-image size-large\"><img loading=\"lazy\" decoding=\"async\" width=\"859\" height=\"1024\" src=\"https:\/\/www.palmaconsultoresjuridicos.com\/wp-content\/uploads\/2021\/02\/IMG_7165-859x1024.jpg\" alt=\"\" class=\"wp-image-219\" srcset=\"https:\/\/www.palmaconsultoresjuridicos.com\/wp-content\/uploads\/2021\/02\/IMG_7165-859x1024.jpg 859w, https:\/\/www.palmaconsultoresjuridicos.com\/wp-content\/uploads\/2021\/02\/IMG_7165-252x300.jpg 252w, https:\/\/www.palmaconsultoresjuridicos.com\/wp-content\/uploads\/2021\/02\/IMG_7165-768x915.jpg 768w, https:\/\/www.palmaconsultoresjuridicos.com\/wp-content\/uploads\/2021\/02\/IMG_7165.jpg 1011w\" sizes=\"auto, (max-width: 859px) 100vw, 859px\" \/><figcaption>MAR\u00cdA CERD\u00d3 MORELL<\/figcaption><\/figure>\n\n\n\n<p>Licenciada en Derecho por la Universidad de Salamanca, es una abogada con un claro perfil generalista y procesalista. Destaca en las \u00e1reas de: <\/p>\n\n\n\n<p><strong>Derecho Civil<\/strong><\/p>\n\n\n\n<ul class=\"wp-block-list\"><li>Reclamaciones de cantidad, tr\u00e1fico, desahucios, declaraciones de dominio, acuerdos extrajudiciales. Redacci\u00f3n de contratos, Derecho de familia (Mediaci\u00f3n, Divorcios, Consensuales y Contenciosos, Modificaci\u00f3n de Medidas Definitivas)<\/li><\/ul>\n\n\n\n<p><strong>Derecho Hipotecario:<\/strong><\/p>\n\n\n\n<ul class=\"wp-block-list\"><li>Reclamaciones por cl\u00e1usula suelo y gastos de constituci\u00f3n de hipoteca, cl\u00e1usulas abusivas (tarjetas \u00abrevolving\u00bb, oposiciones a ejecuciones hipotecarias, negociaciones extrajudiciales de naciones en pago.<\/li><\/ul>\n\n\n\n<p><strong>\u00c1mbito penal:<\/strong><\/p>\n\n\n\n<ul class=\"wp-block-list\"><li>Falsedad documental, violencia de g\u00e9nero, coacciones, amenazas, hurtos, robos.<\/li><\/ul>\n\n\n\n<p><strong>\u00c1mbito administrativo:<\/strong><\/p>\n\n\n\n<ul class=\"wp-block-list\"><li>Responsabilidad Patrimonial.<\/li><\/ul>\n\n\n\n<p><strong>\u00c1mbito laboral y social:<\/strong><\/p>\n\n\n\n<ul class=\"wp-block-list\"><li>Impugnaciones de despidos, asesoramiento, reclamaci\u00f3n de prestaciones e incapacidades ante la Jurisdicci\u00f3n Social. <\/li><\/ul>\n\n\n\n<p><strong>IDIOMAS<\/strong><\/p>\n\n\n\n<ul class=\"wp-block-list\"><li>Castellano.<\/li><li>Catal\u00e1n.<\/li><li>Ingl\u00e9s.<\/li><\/ul>\n\n\n\n<figure class=\"wp-block-image size-large\"><img loading=\"lazy\" decoding=\"async\" width=\"1024\" height=\"969\" src=\"https:\/\/www.palmaconsultoresjuridicos.com\/wp-content\/uploads\/2021\/02\/PHOTO-2021-02-22-12-07-26-1024x969.jpg\" alt=\"\" class=\"wp-image-196\" srcset=\"https:\/\/www.palmaconsultoresjuridicos.com\/wp-content\/uploads\/2021\/02\/PHOTO-2021-02-22-12-07-26-1024x969.jpg 1024w, https:\/\/www.palmaconsultoresjuridicos.com\/wp-content\/uploads\/2021\/02\/PHOTO-2021-02-22-12-07-26-300x284.jpg 300w, https:\/\/www.palmaconsultoresjuridicos.com\/wp-content\/uploads\/2021\/02\/PHOTO-2021-02-22-12-07-26-768x727.jpg 768w, https:\/\/www.palmaconsultoresjuridicos.com\/wp-content\/uploads\/2021\/02\/PHOTO-2021-02-22-12-07-26.jpg 1063w\" sizes=\"auto, (max-width: 1024px) 100vw, 1024px\" \/><figcaption>JAVIER TRIVI\u00d1O L\u00d3PEZ.<\/figcaption><\/figure>\n\n\n\n<p>Graduado en Derecho por la Universidad Nacional de Educaci\u00f3n a Distancia, destaca en el \u00e1rea de Derecho Civil y Administrativo.<\/p>\n\n\n\n<ul class=\"wp-block-list\"><li>M\u00e1ster Acceso a la Abogac\u00eda por la Universidad Antonio de Nebrija, Madrid.<\/li><li>Colaborador Obra Instituto Superior de Derecho y Econom\u00eda, con publicaciones propias en \u00e1rea de Derecho Civil y Administrativo: \u00abRegulaci\u00f3n caza y pesca\u00bb, \u00abEducaci\u00f3n y Ense\u00f1anza\u00bb, \u00abExpropiaci\u00f3n Forzosa\u00bb, \u00abDerechos Fundamentales y Libertades P\u00fablicas en el Extranjero\u00bb, \u00abTributario y Financiaci\u00f3n P\u00fablica\u00bb, \u00abRegulaci\u00f3n de Minas\u00bb, ISNN 2530-6995, a\u00f1o 2018-2019.<\/li><li>Publicaci\u00f3n art\u00edculo Jur\u00eddico \u00abimpuesto de Bienes Inmuebles\u00bb, ISNN 2335-5573, a\u00f1o 2019.<\/li><li>Coautor libro \u00abExpropiaci\u00f3n Forzosa, an\u00e1lisis pr\u00e1ctico\u00bb, Editorial Difusi\u00f3n Jur\u00eddica y Temas de Actualidad, Madrid, 2021, ISBN 97884-17677-03-9, Dep\u00f3sito Legal M-5520\/2021.<\/li><li>Nominaci\u00f3n a los premios \u00abEXCELENCIA JUR\u00cdDICA\u00bb, por el Instituto Superior de Derecho y Econom\u00eda, acto celebrado en la C\u00e1mara de Comercio de Madrid, a\u00f1o 2018.<\/li><li>Asistencia a diversos congresos de Derecho administrativo, as\u00ed como a varios actos de inter\u00e9s como el XX Jornadas de la Funci\u00f3n Consultiva, organizado por el Consell Consultiu de las Islas Baleares en el Palacio de Congresos de Palma de Mallorca.<\/li><\/ul>\n\n\n\n<figure class=\"wp-block-image size-large\"><img loading=\"lazy\" decoding=\"async\" width=\"736\" height=\"1024\" src=\"https:\/\/www.palmaconsultoresjuridicos.com\/wp-content\/uploads\/2021\/02\/IMG_7173-736x1024.jpg\" alt=\"\" class=\"wp-image-220\" srcset=\"https:\/\/www.palmaconsultoresjuridicos.com\/wp-content\/uploads\/2021\/02\/IMG_7173-736x1024.jpg 736w, https:\/\/www.palmaconsultoresjuridicos.com\/wp-content\/uploads\/2021\/02\/IMG_7173-216x300.jpg 216w, https:\/\/www.palmaconsultoresjuridicos.com\/wp-content\/uploads\/2021\/02\/IMG_7173-768x1069.jpg 768w, https:\/\/www.palmaconsultoresjuridicos.com\/wp-content\/uploads\/2021\/02\/IMG_7173.jpg 920w\" sizes=\"auto, (max-width: 736px) 100vw, 736px\" \/><figcaption>M\u00d3NICA GONZ\u00c1LEZ REINA.<\/figcaption><\/figure>\n\n\n\n<p>Titulada en Gesti\u00f3n Administrativa, especializada en tareas con el Registro de la Propiedad, notar\u00edas, Agencia tributaria y Seguridad Social. Amplia trayectoria profesional en cualquier \u00e1rea de Gesti\u00f3n Administrativa.<\/p>\n\n\n\n<ul class=\"wp-block-list\"><li>Elaboraci\u00f3n de escritos, en colaboraci\u00f3n con los abogados del bufete, as\u00ed como su presentaci\u00f3n y\/o recogida de notificaciones.<\/li><li>Apertura y gesti\u00f3n de expedientes.<\/li><li>Elaboraci\u00f3n de minutas.<\/li><\/ul>\n\n\n\n<p><strong>IDIOMAS<\/strong><\/p>\n\n\n\n<ul class=\"wp-block-list\"><li>Castellano.<\/li><li>Catal\u00e1n.<\/li><li>Ingl\u00e9s: Nivel b\u00e1sico.<\/li><\/ul>\n","protected":false},"excerpt":{"rendered":"<div class=\"entry-summary\">\nLicenciada en derecho por la universidad de las Illes Balears en 2012, es abogada y directora gerente del despacho especialista&hellip;\n<\/div>\n<div class=\"link-more\"><a href=\"https:\/\/www.palmaconsultoresjuridicos.com\/index.php\/equipo\/\" class=\"more-link\">Continuar leyendo<span class=\"screen-reader-text\"> &ldquo;Equipo&rdquo;<\/span>&hellip;<\/a><\/div>\n","protected":false},"author":5,"featured_media":0,"parent":0,"menu_order":0,"comment_status":"closed","ping_status":"closed","template":"","meta":{"footnotes":""},"class_list":["post-81","page","type-page","status-publish","hentry","entry"],"_links":{"self":[{"href":"https:\/\/www.palmaconsultoresjuridicos.com\/index.php\/wp-json\/wp\/v2\/pages\/81","targetHints":{"allow":["GET"]}}],"collection":[{"href":"https:\/\/www.palmaconsultoresjuridicos.com\/index.php\/wp-json\/wp\/v2\/pages"}],"about":[{"href":"https:\/\/www.palmaconsultoresjuridicos.com\/index.php\/wp-json\/wp\/v2\/types\/page"}],"author":[{"embeddable":true,"href":"https:\/\/www.palmaconsultoresjuridicos.com\/index.php\/wp-json\/wp\/v2\/users\/5"}],"replies":[{"embeddable":true,"href":"https:\/\/www.palmaconsultoresjuridicos.com\/index.php\/wp-json\/wp\/v2\/comments?post=81"}],"version-history":[{"count":14,"href":"https:\/\/www.palmaconsultoresjuridicos.com\/index.php\/wp-json\/wp\/v2\/pages\/81\/revisions"}],"predecessor-version":[{"id":244,"href":"https:\/\/www.palmaconsultoresjuridicos.com\/index.php\/wp-json\/wp\/v2\/pages\/81\/revisions\/244"}],"wp:attachment":[{"href":"https:\/\/www.palmaconsultoresjuridicos.com\/index.php\/wp-json\/wp\/v2\/media?parent=81"}],"curies":[{"name":"wp","href":"https:\/\/api.w.org\/{rel}","templated":true}]}}